{"id":1845,"date":"2021-01-21T12:34:10","date_gmt":"2021-01-21T12:34:10","guid":{"rendered":"https:\/\/www.pukkatile.com\/iletisim\/"},"modified":"2026-02-20T12:33:32","modified_gmt":"2026-02-20T12:33:32","slug":"contact","status":"publish","type":"page","link":"https:\/\/www.pukkatile.com\/en\/contact\/","title":{"rendered":"CONTACT"},"content":{"rendered":"<p><iframe src=\"https:\/\/www.google.com\/maps\/embed?pb=!1m23!1m12!1m3!1d3013.0622786139397!2d29.100214460937107!3d40.95821449421971!2m3!1f0!2f0!3f0!3m2!1i1024!2i768!4f13.1!4m8!3e6!4m0!4m5!1s0x14cac6f901ced6c3%3A0xf4974be71d1ee2e2!2zQm9zdGFuY8SxLCBNZWhtZXQgxZ5ldmtpIFBhxZ9hIENkLiwgMzQ3NDQgS2FkxLFrw7Z5L8Swc3RhbmJ1bA!3m2!1d40.9582145!2d29.1013712!5e0!3m2!1str!2str!4v1659094989377!5m2!1str!2str\" width=\"100%\" height=\"550\" style=\"border:0;\" allowfullscreen=\"\" loading=\"lazy\" referrerpolicy=\"no-referrer-when-downgrade\"><\/iframe><\/p>\n\n\t<section class=\"section\" id=\"section_1260387014\">\n\t\t<div class=\"section-bg fill\" >\n\t\t\t\t\t\t\t\t\t\n\t\t\t\n\n\t\t<\/div>\n\n\t\t\n\n\t\t<div class=\"section-content relative\">\n\t\t\t\n<div class=\"row row-collapse row-full-width align-equal\"  id=\"row-805625490\">\n\n\t<div id=\"col-1414382978\" class=\"col medium-6 small-12 large-6\"  >\n\t\t\t\t<div class=\"col-inner\"  >\n\t\t\t\n\t\t\t\n<h2>PUKKA TILE<\/h2>\n<h3>PUKKA TILE YAPI SAN.VE DIS TIC. LTD. STI.<\/h3>\n<div class=\"row\"  id=\"row-317191335\">\n\n\t<div id=\"col-650646670\" class=\"col medium-6 small-12 large-6\"  >\n\t\t\t\t<div class=\"col-inner\"  >\n\t\t\t\n\t\t\t\n<h4><strong>HEAD OFF\u0130CE <\/strong><\/h4>\n<p>BOSTANCI MAH. MEHMET SEVKIPASA SK. DOSTLAR APT NO: 12 A <br \/> KADIKOY \/ ISTANBUL \/ TURKEY<\/p>\n<h4><strong>FACTORY<\/strong><\/h4>\n<p>30 A\u011fustos OSB, 2. Cad No.: 2 Ork\u00fcsan San. Sitesi N-1 Blok \u00c7alca \/ K\u00dcTAHYA<\/p>\n\t\t<\/div>\n\t\t\t\t\n<style>\n#col-650646670 > .col-inner {\n  padding: 25px 10px 0px 10px;\n}\n<\/style>\n\t<\/div>\n\n\t\n\n\t<div id=\"col-2006705147\" class=\"col medium-6 small-12 large-6\"  >\n\t\t\t\t<div class=\"col-inner\"  >\n\t\t\t\n\t\t\t\n<h4>CONTACT<\/h4>\n<p style=\"margin-bottom: 13px;\"><i class=\"fas fa-phone\"><\/i> <a href=\"tel:905332254378\">+90 533 225 43 78<\/a>\u202c<\/p>\n<p style=\"margin-bottom: 13px;\"><i class=\"fas fa-phone\"><\/i> <a href=\"tel:902166587903\">+90 216 658 79 03<\/a>\u202c<\/p>\n<p style=\"margin-bottom: 8px;\"><i class=\"fas fa-envelope\"><\/i> <a href=\"mailto:info@pukkatile.com\">info@pukkatile.com<\/a><\/p>\n<p><a target=\"_blank\" class=\"h-whtsp\" href=\"https:\/\/wa.me\/905332254378\" title=\"WhatsApp\" rel=\"noopener\" style=\"padding: 10px;background-color: #09d261;color: #fff;border-radius: 3px;margin-top: 8px;display: inline-block;\"><i class=\"fab fa-whatsapp\"><\/i> Contact Us<\/a><\/p>\n\t\t<\/div>\n\t\t\t\t\n<style>\n#col-2006705147 > .col-inner {\n  padding: 25px 10px 0px 10px;\n}\n<\/style>\n\t<\/div>\n\n\t\n\n\t<div id=\"col-22742958\" class=\"col small-12 large-12\"  >\n\t\t\t\t<div class=\"col-inner\"  >\n\t\t\t\n\t\t\t\n\t\t<\/div>\n\t\t\t\t\n<style>\n#col-22742958 > .col-inner {\n  padding: 5px 0px 0px 0;\n}\n<\/style>\n\t<\/div>\n\n\t\n<\/div>\n\t\t<\/div>\n\t\t\t\t\n<style>\n#col-1414382978 > .col-inner {\n  padding: 35px 35px 35px 35px;\n}\n<\/style>\n\t<\/div>\n\n\t\n\n\t<div id=\"col-1441547626\" class=\"col medium-6 small-12 large-6\"  >\n\t\t\t\t<div class=\"col-inner\"  >\n\t\t\t\n\t\t\t\n<h2>Contact Form<\/h2>\n<div id=\"quform-26859a\" class=\"quform quform-2 quform-support-page-caching\"><form id=\"quform-form-26859a\" class=\"quform-form quform-form-2\" action=\"\/en\/wp-json\/wp\/v2\/pages\/1845#quform-26859a\" method=\"post\" enctype=\"multipart\/form-data\" novalidate=\"novalidate\" data-options=\"{&quot;id&quot;:2,&quot;uniqueId&quot;:&quot;26859a&quot;,&quot;theme&quot;:&quot;&quot;,&quot;ajax&quot;:true,&quot;logic&quot;:{&quot;logic&quot;:[],&quot;dependents&quot;:[],&quot;elementIds&quot;:[],&quot;dependentElementIds&quot;:[],&quot;animate&quot;:true},&quot;currentPageId&quot;:1,&quot;errorsIcon&quot;:&quot;&quot;,&quot;updateFancybox&quot;:true,&quot;hasPages&quot;:false,&quot;pages&quot;:[1],&quot;pageProgressType&quot;:&quot;numbers&quot;,&quot;tooltipsEnabled&quot;:true,&quot;tooltipClasses&quot;:&quot;qtip-quform-dark qtip-shadow&quot;,&quot;tooltipMy&quot;:&quot;left center&quot;,&quot;tooltipAt&quot;:&quot;right center&quot;,&quot;isRtl&quot;:false,&quot;scrollOffset&quot;:-50,&quot;scrollSpeed&quot;:800}\"><button class=\"quform-default-submit\" name=\"quform_submit\" type=\"submit\" value=\"submit\" aria-hidden=\"true\" tabindex=\"-1\"><\/button><div class=\"quform-form-inner quform-form-inner-2\"><input type=\"hidden\" name=\"quform_form_id\" value=\"2\" \/><input type=\"hidden\" name=\"quform_form_uid\" value=\"26859a\" \/><input type=\"hidden\" name=\"quform_count\" value=\"1\" \/><input type=\"hidden\" name=\"form_url\" value=\"https:\/\/www.pukkatile.com\/en\/wp-json\/wp\/v2\/pages\/1845\" \/><input type=\"hidden\" name=\"referring_url\" value=\"\" \/><input type=\"hidden\" name=\"post_id\" value=\"\" \/><input type=\"hidden\" name=\"post_title\" value=\"\" \/><input type=\"hidden\" name=\"quform_current_page_id\" value=\"1\" \/><input type=\"hidden\" name=\"quform_loaded\" value=\"1776761191|fb3ff992a748233baaa948dc880cb3e8\" \/><input type=\"hidden\" name=\"quform_csrf_token\" value=\"HMVigiBVaCGgHkbmcha8Ao9g58mcjOaKCl6KHKmp\" \/><div class=\"quform-elements quform-elements-2 quform-cf quform-responsive-elements-phone-landscape\"><div class=\"quform-element quform-element-page quform-page-1 quform-page-2_1 quform-cf quform-group-style-plain quform-first-page quform-last-page quform-current-page\"><div class=\"quform-child-elements\"><div class=\"quform-element quform-element-text quform-element-2_3 quform-cf quform-labels-inside quform-element-required\"><div class=\"quform-spacer\"><div class=\"quform-label quform-label-2_3\"><label class=\"quform-label-text\" for=\"quform_2_3_26859a\">Ad\u0131n\u0131z<span class=\"quform-required\">*<\/span><\/label><\/div><div class=\"quform-inner quform-inner-text quform-inner-2_3\"><div class=\"quform-input quform-input-text quform-input-2_3 quform-cf\"><input type=\"text\" id=\"quform_2_3_26859a\" name=\"quform_2_3\" class=\"quform-field quform-field-text quform-field-2_3\" \/><\/div><\/div><\/div><\/div><div class=\"quform-element quform-element-email quform-element-2_4 quform-cf quform-labels-inside quform-element-required\"><div class=\"quform-spacer\"><div class=\"quform-label quform-label-2_4\"><label class=\"quform-label-text\" for=\"quform_2_4_26859a\">E-posta adresi<span class=\"quform-required\">*<\/span><\/label><\/div><div class=\"quform-inner quform-inner-email quform-inner-2_4\"><div class=\"quform-input quform-input-email quform-input-2_4 quform-cf\"><input type=\"email\" id=\"quform_2_4_26859a\" name=\"quform_2_4\" class=\"quform-field quform-field-email quform-field-2_4\" \/><\/div><\/div><\/div><\/div><div class=\"quform-element quform-element-textarea quform-element-2_851706 quform-sr-only quform-cf\" style=\"clip: rect(1px, 1px, 1px, 1px); clip-path: inset(50%); position: absolute !important; height: 1px; width: 1px; overflow: hidden;\"><div class=\"quform-spacer\"><div class=\"quform-label quform-label-2_851706\"><label class=\"quform-label-text\" for=\"quform_2_851706_26859a\">Email<span class=\"quform-required\">*<\/span><\/label><\/div><div class=\"quform-inner quform-inner-2_851706\"><textarea id=\"quform_2_851706_26859a\" name=\"quform_2_851706\" class=\"quform-field quform-field-textarea quform-field-2_851706\" tabindex=\"-1\" autocomplete=\"new-password\"><\/textarea><\/div><\/div><\/div><div class=\"quform-element quform-element-textarea quform-element-2_5 quform-cf quform-labels-inside quform-element-required\"><div class=\"quform-spacer\"><div class=\"quform-label quform-label-2_5\"><label class=\"quform-label-text\" for=\"quform_2_5_26859a\">Mesaj\u0131n\u0131z<span class=\"quform-required\">*<\/span><\/label><\/div><div class=\"quform-inner quform-inner-textarea quform-inner-2_5\"><div class=\"quform-input quform-input-textarea quform-input-2_5 quform-cf\"><textarea id=\"quform_2_5_26859a\" name=\"quform_2_5\" class=\"quform-field quform-field-textarea quform-field-2_5\"><\/textarea><\/div><\/div><\/div><\/div><div class=\"quform-element quform-element-recaptcha quform-element-2_6 quform-cf quform-element-required\"><div class=\"quform-spacer\"><div class=\"quform-inner quform-inner-recaptcha quform-inner-2_6\"><div class=\"quform-input quform-input-recaptcha quform-input-2_6 quform-cf\"><div class=\"quform-recaptcha\" data-config=\"{&quot;sitekey&quot;:&quot;6LfPeK8jAAAAABKV3iOGV_owT8HBYRGb2pCqzH7p&quot;,&quot;_version&quot;:&quot;v2&quot;,&quot;size&quot;:&quot;normal&quot;,&quot;type&quot;:&quot;image&quot;,&quot;theme&quot;:&quot;light&quot;,&quot;badge&quot;:&quot;bottomright&quot;}\"><\/div><noscript><div><div style=\"width: 302px; height: 422px; position: relative;\"><div style=\"width: 302px; height: 422px; position: absolute;\"><iframe src=\"https:\/\/www.google.com\/recaptcha\/api\/fallback?k=6LfPeK8jAAAAABKV3iOGV_owT8HBYRGb2pCqzH7p\" frameborder=\"0\" scrolling=\"no\" style=\"width: 302px; height:422px; border-style: none;\"><\/iframe><\/div><\/div><div style=\"width: 300px; height: 60px; border-style: none; bottom: 12px; left: 25px; margin: 0px; padding: 0px; right: 25px; background: #f9f9f9; border: 1px solid #c1c1c1; border-radius: 3px;\"><textarea name=\"g-recaptcha-response\" class=\"g-recaptcha-response\" style=\"width: 250px; height: 40px; border: 1px solid #c1c1c1; margin: 10px 25px; padding: 0px; resize: none;\" aria-hidden=\"true\"><\/textarea><\/div><\/div><\/noscript><\/div><\/div><\/div><\/div><div class=\"quform-element quform-element-submit quform-element-2_2 quform-cf quform-button-style-theme\"><div class=\"quform-button-submit quform-button-submit-default quform-button-submit-2_2\"><button name=\"quform_submit\" type=\"submit\" class=\"quform-submit\" value=\"submit\"><span class=\"quform-button-text quform-button-submit-text\">Send<\/span><\/button><\/div><div class=\"quform-loading quform-loading-position-left quform-loading-type-spinner-1\"><div class=\"quform-loading-inner\"><div class=\"quform-loading-spinner\"><div class=\"quform-loading-spinner-inner\"><\/div><\/div><\/div><\/div><\/div><\/div><\/div><\/div><\/div><\/form><\/div>\n\t\t<\/div>\n\t\t\t\t\n<style>\n#col-1441547626 > .col-inner {\n  padding: 35px 35px 35px 35px;\n}\n<\/style>\n\t<\/div>\n\n\t\n<\/div>\n\t\t<\/div>\n\n\t\t\n<style>\n#section_1260387014 {\n  padding-top: 0px;\n  padding-bottom: 0px;\n}\n<\/style>\n\t<\/section>\n\t\n","protected":false},"excerpt":{"rendered":"","protected":false},"author":1,"featured_media":0,"parent":0,"menu_order":0,"comment_status":"closed","ping_status":"closed","template":"page-blank.php","meta":{"footnotes":""},"class_list":["post-1845","page","type-page","status-publish","hentry"],"_links":{"self":[{"href":"https:\/\/www.pukkatile.com\/en\/wp-json\/wp\/v2\/pages\/1845","targetHints":{"allow":["GET"]}}],"collection":[{"href":"https:\/\/www.pukkatile.com\/en\/wp-json\/wp\/v2\/pages"}],"about":[{"href":"https:\/\/www.pukkatile.com\/en\/wp-json\/wp\/v2\/types\/page"}],"author":[{"embeddable":true,"href":"https:\/\/www.pukkatile.com\/en\/wp-json\/wp\/v2\/users\/1"}],"replies":[{"embeddable":true,"href":"https:\/\/www.pukkatile.com\/en\/wp-json\/wp\/v2\/comments?post=1845"}],"version-history":[{"count":4,"href":"https:\/\/www.pukkatile.com\/en\/wp-json\/wp\/v2\/pages\/1845\/revisions"}],"predecessor-version":[{"id":2387,"href":"https:\/\/www.pukkatile.com\/en\/wp-json\/wp\/v2\/pages\/1845\/revisions\/2387"}],"wp:attachment":[{"href":"https:\/\/www.pukkatile.com\/en\/wp-json\/wp\/v2\/media?parent=1845"}],"curies":[{"name":"wp","href":"https:\/\/api.w.org\/{rel}","templated":true}]}}